{"id":365,"date":"2025-01-10T10:06:28","date_gmt":"2025-01-10T10:06:28","guid":{"rendered":"https:\/\/juridikkonsulterna.se\/?page_id=365"},"modified":"2025-01-12T16:47:23","modified_gmt":"2025-01-12T16:47:23","slug":"arvoden","status":"publish","type":"page","link":"https:\/\/juridikkonsulterna.se\/?page_id=365","title":{"rendered":"Arvode"},"content":{"rendered":"<div class=\"wp-block-image\">\n<figure class=\"alignleft size-large is-resized\"><img loading=\"lazy\" decoding=\"async\" width=\"1024\" height=\"576\" src=\"https:\/\/juridikkonsulterna.se\/wp-content\/uploads\/11682-1024x576.jpg\" alt=\"\" class=\"wp-image-368\" style=\"width:398px;height:auto\" srcset=\"https:\/\/juridikkonsulterna.se\/wp-content\/uploads\/11682-1024x576.jpg 1024w, https:\/\/juridikkonsulterna.se\/wp-content\/uploads\/11682-250x141.jpg 250w, https:\/\/juridikkonsulterna.se\/wp-content\/uploads\/11682-768x432.jpg 768w, https:\/\/juridikkonsulterna.se\/wp-content\/uploads\/11682-1536x863.jpg 1536w, https:\/\/juridikkonsulterna.se\/wp-content\/uploads\/11682-2048x1151.jpg 2048w, https:\/\/juridikkonsulterna.se\/wp-content\/uploads\/11682-940x529.jpg 940w\" sizes=\"auto, (max-width: 1024px) 100vw, 1024px\" \/><\/figure>\n<\/div>\n\n\n<p><strong>Privatpersoner<\/strong><br>2.500:-\/tim ink moms<br><br><strong>Juridisk person<\/strong><br>2.800:-\/tim plus moms<br><br>I vissa fall debiterar vi ett f\u00f6rskott vars storlek beror p\u00e5 m\u00e5lets komplexitet. F\u00f6rskottet avr\u00e4knas n\u00e4r m\u00e5let \u00e4r slutligt avgjort och slutfaktura tillst\u00e4llts klienten. Vi skriver alltid ett skriftligt uppdrag med v\u00e5ra klienter och det f\u00f6rs en l\u00f6pande arbetsredog\u00f6relse som klienten alltid har r\u00e4tt att ta del av. F\u00f6r det fall det finns r\u00e4ttsskydd eller att klienten har r\u00e4tt till r\u00e4ttshj\u00e4lp ans\u00f6ker vi om det.<\/p>\n\n\n\n<p><\/p>\n","protected":false},"excerpt":{"rendered":"<p>Privatpersoner2.500:-\/tim ink moms Juridisk person2.800:-\/tim plus moms I vissa fall debiterar vi ett f\u00f6rskott vars storlek beror p\u00e5 m\u00e5lets komplexitet. F\u00f6rskottet avr\u00e4knas n\u00e4r m\u00e5let \u00e4r slutligt avgjort och slutfaktura tillst\u00e4llts klienten. Vi skriver alltid ett skriftligt uppdrag med v\u00e5ra klienter och det f\u00f6rs en l\u00f6pande <span class=\"more-button\"><a class=\"more-link\" href=\"https:\/\/juridikkonsulterna.se\/?page_id=365\">Forts\u00e4tt l\u00e4sa<\/a><\/span><\/p>\n","protected":false},"author":1,"featured_media":0,"parent":0,"menu_order":0,"comment_status":"closed","ping_status":"closed","template":"","meta":{"_themeisle_gutenberg_block_has_review":false,"footnotes":""},"class_list":["post-365","page","type-page","status-publish","hentry"],"_links":{"self":[{"href":"https:\/\/juridikkonsulterna.se\/index.php?rest_route=\/wp\/v2\/pages\/365","targetHints":{"allow":["GET"]}}],"collection":[{"href":"https:\/\/juridikkonsulterna.se\/index.php?rest_route=\/wp\/v2\/pages"}],"about":[{"href":"https:\/\/juridikkonsulterna.se\/index.php?rest_route=\/wp\/v2\/types\/page"}],"author":[{"embeddable":true,"href":"https:\/\/juridikkonsulterna.se\/index.php?rest_route=\/wp\/v2\/users\/1"}],"replies":[{"embeddable":true,"href":"https:\/\/juridikkonsulterna.se\/index.php?rest_route=%2Fwp%2Fv2%2Fcomments&post=365"}],"version-history":[{"count":5,"href":"https:\/\/juridikkonsulterna.se\/index.php?rest_route=\/wp\/v2\/pages\/365\/revisions"}],"predecessor-version":[{"id":393,"href":"https:\/\/juridikkonsulterna.se\/index.php?rest_route=\/wp\/v2\/pages\/365\/revisions\/393"}],"wp:attachment":[{"href":"https:\/\/juridikkonsulterna.se\/index.php?rest_route=%2Fwp%2Fv2%2Fmedia&parent=365"}],"curies":[{"name":"wp","href":"https:\/\/api.w.org\/{rel}","templated":true}]}}