{"id":238,"date":"2021-01-29T12:54:15","date_gmt":"2021-01-29T12:54:15","guid":{"rendered":"http:\/\/juridikkonsulterna.se\/?page_id=238"},"modified":"2026-02-23T08:22:27","modified_gmt":"2026-02-23T08:22:27","slug":"kontakt-2","status":"publish","type":"page","link":"https:\/\/juridikkonsulterna.se\/?page_id=238","title":{"rendered":"V\u00e4lkommen att kontakta oss"},"content":{"rendered":"\n<p>Juridikkonsulterna har kontor i centrala \u00d6rebro. Ni hittar oss p\u00e5 <a href=\"https:\/\/maps.app.goo.gl\/RcLmiU7dBPn4DrRMA\" data-type=\"link\" data-id=\"https:\/\/maps.app.goo.gl\/RcLmiU7dBPn4DrRMA\">Klostergatan 15.<\/a> <\/p>\n\n\n\n<div class=\"wp-block-media-text is-stacked-on-mobile is-vertically-aligned-top\"><figure class=\"wp-block-media-text__media\"><img loading=\"lazy\" decoding=\"async\" width=\"1024\" height=\"724\" src=\"https:\/\/juridikkonsulterna.se\/wp-content\/uploads\/notepad-3316997_1280-1024x724.jpg\" alt=\"\" class=\"wp-image-353 size-full\" srcset=\"https:\/\/juridikkonsulterna.se\/wp-content\/uploads\/notepad-3316997_1280-1024x724.jpg 1024w, https:\/\/juridikkonsulterna.se\/wp-content\/uploads\/notepad-3316997_1280-250x177.jpg 250w, https:\/\/juridikkonsulterna.se\/wp-content\/uploads\/notepad-3316997_1280-768x543.jpg 768w, https:\/\/juridikkonsulterna.se\/wp-content\/uploads\/notepad-3316997_1280.jpg 1280w\" sizes=\"auto, (max-width: 1024px) 100vw, 1024px\" \/><\/figure><div class=\"wp-block-media-text__content\">\n<p>Juridikkonsulterna i Bergslagen AB<br>Klostergatan 15, 2 tr<br>703 61 \u00d6REBRO<br><a href=\"mailto:info@juridikkonsulterna.se\">info@juridikkonsulterna.se<\/a><br>Telefon: 0709-12 46 70<\/p>\n<\/div><\/div>\n","protected":false},"excerpt":{"rendered":"<p>Juridikkonsulterna har kontor i centrala \u00d6rebro. Ni hittar oss p\u00e5 Klostergatan 15. Juridikkonsulterna i Bergslagen ABKlostergatan 15, 2 tr703 61 \u00d6REBROinfo@juridikkonsulterna.seTelefon: 0709-12 46 70<\/p>\n","protected":false},"author":1,"featured_media":0,"parent":0,"menu_order":0,"comment_status":"closed","ping_status":"closed","template":"","meta":{"_themeisle_gutenberg_block_has_review":false,"footnotes":""},"class_list":["post-238","page","type-page","status-publish","hentry"],"_links":{"self":[{"href":"https:\/\/juridikkonsulterna.se\/index.php?rest_route=\/wp\/v2\/pages\/238","targetHints":{"allow":["GET"]}}],"collection":[{"href":"https:\/\/juridikkonsulterna.se\/index.php?rest_route=\/wp\/v2\/pages"}],"about":[{"href":"https:\/\/juridikkonsulterna.se\/index.php?rest_route=\/wp\/v2\/types\/page"}],"author":[{"embeddable":true,"href":"https:\/\/juridikkonsulterna.se\/index.php?rest_route=\/wp\/v2\/users\/1"}],"replies":[{"embeddable":true,"href":"https:\/\/juridikkonsulterna.se\/index.php?rest_route=%2Fwp%2Fv2%2Fcomments&post=238"}],"version-history":[{"count":11,"href":"https:\/\/juridikkonsulterna.se\/index.php?rest_route=\/wp\/v2\/pages\/238\/revisions"}],"predecessor-version":[{"id":400,"href":"https:\/\/juridikkonsulterna.se\/index.php?rest_route=\/wp\/v2\/pages\/238\/revisions\/400"}],"wp:attachment":[{"href":"https:\/\/juridikkonsulterna.se\/index.php?rest_route=%2Fwp%2Fv2%2Fmedia&parent=238"}],"curies":[{"name":"wp","href":"https:\/\/api.w.org\/{rel}","templated":true}]}}